{"id":114,"date":"2020-04-25T22:02:47","date_gmt":"2020-04-25T20:02:47","guid":{"rendered":"https:\/\/wettbewerb.fotografie.at\/lebenswertes-wien\/?page_id=114"},"modified":"2022-07-04T13:10:42","modified_gmt":"2022-07-04T11:10:42","slug":"teilnahme-bedingungen","status":"publish","type":"page","link":"https:\/\/wettbewerb.fotografie.at\/lebenswertes-wien\/teilnahme-bedingungen\/","title":{"rendered":"Teilnahme-Bedingungen"},"content":{"rendered":"\t\t<div data-elementor-type=\"wp-page\" data-elementor-id=\"114\" class=\"elementor elementor-114\">\n\t\t\t\t\t\t<div class=\"elementor-inner\">\n\t\t\t\t<div class=\"elementor-section-wrap\">\n\t\t\t\t\t\t\t\t\t<section class=\"elementor-section elementor-top-section elementor-element elementor-element-c0603d4 elementor-section-boxed elementor-section-height-default elementor-section-height-default\" data-id=\"c0603d4\" data-element_type=\"section\">\n\t\t\t\t\t\t<div class=\"elementor-container elementor-column-gap-default\">\n\t\t\t\t\t\t\t<div class=\"elementor-row\">\n\t\t\t\t\t<div class=\"elementor-column elementor-col-100 elementor-top-column elementor-element elementor-element-67320e8\" data-id=\"67320e8\" data-element_type=\"column\">\n\t\t\t<div class=\"elementor-column-wrap elementor-element-populated\">\n\t\t\t\t\t\t\t<div class=\"elementor-widget-wrap\">\n\t\t\t\t\t\t\t\t<\/div>\n\t\t\t\t\t<\/div>\n\t\t<\/div>\n\t\t\t\t\t\t\t\t<\/div>\n\t\t\t\t\t<\/div>\n\t\t<\/section>\n\t\t\t\t<section class=\"elementor-section elementor-top-section elementor-element elementor-element-2f575fc elementor-section-boxed elementor-section-height-default elementor-section-height-default\" data-id=\"2f575fc\" data-element_type=\"section\">\n\t\t\t\t\t\t<div class=\"elementor-container elementor-column-gap-default\">\n\t\t\t\t\t\t\t<div class=\"elementor-row\">\n\t\t\t\t\t<div class=\"elementor-column elementor-col-100 elementor-top-column elementor-element elementor-element-4c2a531\" data-id=\"4c2a531\" data-element_type=\"column\">\n\t\t\t<div class=\"elementor-column-wrap elementor-element-populated\">\n\t\t\t\t\t\t\t<div class=\"elementor-widget-wrap\">\n\t\t\t\t\t\t<div class=\"elementor-element elementor-element-a7f3358 elementor-widget__width-initial mauto elementor-widget elementor-widget-text-editor\" data-id=\"a7f3358\" data-element_type=\"widget\" data-widget_type=\"text-editor.default\">\n\t\t\t\t<div class=\"elementor-widget-container\">\n\t\t\t\t\t\t\t\t<div class=\"elementor-text-editor elementor-clearfix\">\n\t\t\t\t<p><b>(1)<\/b> Die Teilnahme an Fotowettbewerb ist kostenlos. Der Teilnehmer best\u00e4tigt, dass er die Teilnahmebedingungen vollst\u00e4ndig gelesen und akzeptiert hat.<\/p><p><b>(2)<\/b> Ein Teilnehmer nimmt am Fotowettbewerb teil, indem er seine Aufnahmen auf dieser Webseite hochl\u00e4dt und die Teilnahmebedingungen g\u00e4nzlich gelesen hat. Der Teilnehmer ist f\u00fcr die Richtigkeit seiner Angaben (E-Mail- und Post-Adresse) selbst verantwortlich.<\/p><p><b>(3)<\/b> Mit der Einsendung best\u00e4tigt der Teilnehmer, dass er sich bei der Aufnahme an die gesetzlichen Bestimmungen gehalten hat. Der Veranstalter kann nicht f\u00fcr Verletzungen von Vorschriften und Gesetzen, sowie Sach- und Personensch\u00e4den verantwortlich gemacht werden.<\/p><p><strong>(4)<\/strong> Teilnahmeberechtigt ist jeder. Ausgenommen sind Mitarbeiter des Veranstalters.<\/p><p><strong>(5)<\/strong> Teilnehmen k\u00f6nnen nur jene, die s\u00e4mtliche Personenangaben wahrheitsgetreu ausf\u00fcllen, da nur namentlich bekannte Teilnehmer mit einem Preis pr\u00e4miert werden k\u00f6nnen. Sollten die Angaben nicht der Wahrheit entsprechen, kann ein Ausschluss aus dem Bewerb erfolgen.<\/p><p><strong>(6)<\/strong> Bei einem Versto\u00df gegen diese Teilnahmebedingungen beh\u00e4lt sich der Veranstalter das Recht vor, Teilnehmer vom Fotowettbewerb auszuschlie\u00dfen.<\/p><p><strong>(7)<\/strong> Die eingereichten Bilder d\u00fcrfen keine anst\u00f6\u00dfigen, moralisch bedenklichen, diskriminierenden, rassistischen, Gewalt verherrlichenden oder pornographischen Elemente beinhalten.Sollten derartige Bilder teilnehmen, werden diese automatisch disqualifiziert.<\/p><p><strong>(8)<\/strong> Der Teilnehmer r\u00e4umt dem Veranstalter, den Partnern und Sponsoren mit der Teilnahme an diesem Wettbewerb automatisch, sachlich, zeitlich und r\u00e4umlich unbeschr\u00e4nkt das Recht ein, die hochgeladenen Fotos f\u00fcr s\u00e4mtliche Ver\u00f6ffentlichungen insbesondere im Rahmen der Berichterstattung zu diesem Wettbewerb mit Namensnennung unentgeltlich zu nutzen. Weiters r\u00e4umt der Teilnehmer dem Veranstalter, den Kooperationspartnern und Sponsoren das Recht ein, die hochgeladenen Bilder insoweit zu ver\u00e4ndern, als es f\u00fcr die Ver\u00f6ffentlichung notwendig ist (Beschnitt, \u00c4nderung des Seitenverh\u00e4ltnisses). Der Bildinhalt selbst wird dabei nicht ver\u00e4ndert. Der Teilnehmer sichert weiters zu, dass er an den eingesendeten Fotos s\u00e4mtliche Immaterialg\u00fcterrechte, insbesondere Urheberrechte und sich daraus ergebende Nutzungs- und Verwertungsrechte hat und durch seine Fotos keinerlei Rechte Dritter verletzt werden. Bei der Darstellung von Personen sichert der Teilnehmer zu, dass keine Pers\u00f6nlichkeitsrechte der abgebildeten Personen verletzt werden oder die abgebildeten Personen ausdr\u00fccklich ihr Einverst\u00e4ndnis zur Ver\u00f6ffentlichung des Fotos erkl\u00e4rt haben. Sollten dennoch Dritte Anspr\u00fcche wegen Verletzung von Rechten gegen\u00fcber dem Veranstalter und\/oder gegen einen der Kooperationspartner oder Sponsoren des Wettbewerbes geltend machen, so hat der Teilnehmer den Veranstalter und\/oder den jeweiligen Kooperationspartner oder Sponsor schad- und klaglos zu halten.<\/p><p><strong>(9)<\/strong> Die Teilnahme ist ausschlie\u00dflich \u00fcber diese Webseite m\u00f6glich. Auf dem Postweg eingesandte Aufnahmen sind nicht zum Bewerb zugelassen und werden nicht zur\u00fcckgeschickt.<\/p><p><strong>(10)<\/strong> Die Teilnehmer erkl\u00e4ren sich mit der Nutzung, Verarbeitung und Speicherung ihrer Daten allein zu Zwecken dieses Fotowettbewerbs einverstanden. Die Verarbeitung erfolgt nach den Vorgaben der Datenschutz-Grundverordnung.<\/p><p><strong>(11)<\/strong> Die Siegerbilder bleiben in einer Fotogalerie bestehen.<\/p><p><strong>(12)<\/strong> Die Gewinner werden vom Veranstalter per E-Mail benachrichtigt, die Namen der Gewinner werden auch auf anderen Webseiten, m\u00f6glicherweise auch in einer Presseaussendung, oder auch in Kommunikationskan\u00e4len der Kooperationspartner nach dem Bewerb bekannt gegeben. Mit dieser Form der Ver\u00f6ffentlichung erkl\u00e4rt sich der Teilnehmer ausdr\u00fccklich einverstanden.<\/p><p><strong>(13)<\/strong> Der Veranstalter beh\u00e4lt sich vor, den Fotowettbewerb zu jedem Zeitpunkt ohne Vorank\u00fcndigung und ohne Angabe von Gr\u00fcnden abzubrechen oder zu beenden. Von dieser M\u00f6glichkeit macht der Veranstalter dann Gebrauch, wenn aus technischen oder rechtlichen Gr\u00fcnden eine ordnungsgem\u00e4\u00dfe Durchf\u00fchrung des Fotowettbewerbs nicht gew\u00e4hrleistet werden kann.<\/p><p><strong>(14)<\/strong> Ein Versto\u00df gegen die Teilnahmebedingungen kann zum sofortigen Ausschluss von der weiteren Teilnahme f\u00fchren. Beitr\u00e4ge werden in diesem Fall ausnahmslos gel\u00f6scht.<\/p><p><strong>(15)<\/strong> Der Veranstalter \u00fcbernimmt keine Haftung f\u00fcr den Verlust eingereichter Bilder und ist des Weiteren nicht verpflichtet, Einreichungen zu ver\u00f6ffentlichen.<\/p><p><strong>(16)<\/strong> Der Veranstalter beh\u00e4lt sich vor, hochgeladene Bilder vor oder nach der Ver\u00f6ffentlichung ohne Angabe von Gr\u00fcnden zu l\u00f6schen.<\/p><p><strong>(17)<\/strong> F\u00fcr das Ver\u00f6ffentlichen von Fotos im Rahmen der Ver\u00f6ffentlichungsbedingungen werden keine Honorare und keine Verg\u00fctung bezahlt.<\/p><p><strong>(18)<\/strong> Die Sieger werden von einer Jury bestimmt.<\/p><p><strong>(19)<\/strong> Ein Umtausch der Preise oder eine Abl\u00f6sung in Bar ist nicht m\u00f6glich.<\/p><p><strong>(20)<\/strong> Der Rechtsweg ist ausgeschlossen.<\/p>\t\t\t\t\t<\/div>\n\t\t\t\t\t\t<\/div>\n\t\t\t\t<\/div>\n\t\t\t\t\t\t<\/div>\n\t\t\t\t\t<\/div>\n\t\t<\/div>\n\t\t\t\t\t\t\t\t<\/div>\n\t\t\t\t\t<\/div>\n\t\t<\/section>\n\t\t\t\t\t\t\t\t\t<\/div>\n\t\t\t<\/div>\n\t\t\t\t\t<\/div>\n\t\t","protected":false},"excerpt":{"rendered":"<p>(1) Die Teilnahme an Fotowettbewerb ist kostenlos. Der Teilnehmer best\u00e4tigt, dass er die Teilnahmebedingungen vollst\u00e4ndig gelesen und akzeptiert hat. (2) Ein Teilnehmer nimmt am Fotowettbewerb teil, indem er seine Aufnahmen auf dieser Webseite hochl\u00e4dt und die Teilnahmebedingungen g\u00e4nzlich gelesen hat. Der Teilnehmer ist f\u00fcr die Richtigkeit seiner Angaben (E-Mail- und Post-Adresse) selbst verantwortlich. (3) Mit [&hellip;]<\/p>\n","protected":false},"author":1,"featured_media":0,"parent":0,"menu_order":0,"comment_status":"closed","ping_status":"closed","template":"elementor_header_footer","meta":{"inline_featured_image":false},"_links":{"self":[{"href":"https:\/\/wettbewerb.fotografie.at\/lebenswertes-wien\/wp-json\/wp\/v2\/pages\/114"}],"collection":[{"href":"https:\/\/wettbewerb.fotografie.at\/lebenswertes-wien\/wp-json\/wp\/v2\/pages"}],"about":[{"href":"https:\/\/wettbewerb.fotografie.at\/lebenswertes-wien\/wp-json\/wp\/v2\/types\/page"}],"author":[{"embeddable":true,"href":"https:\/\/wettbewerb.fotografie.at\/lebenswertes-wien\/wp-json\/wp\/v2\/users\/1"}],"replies":[{"embeddable":true,"href":"https:\/\/wettbewerb.fotografie.at\/lebenswertes-wien\/wp-json\/wp\/v2\/comments?post=114"}],"version-history":[{"count":11,"href":"https:\/\/wettbewerb.fotografie.at\/lebenswertes-wien\/wp-json\/wp\/v2\/pages\/114\/revisions"}],"predecessor-version":[{"id":523,"href":"https:\/\/wettbewerb.fotografie.at\/lebenswertes-wien\/wp-json\/wp\/v2\/pages\/114\/revisions\/523"}],"wp:attachment":[{"href":"https:\/\/wettbewerb.fotografie.at\/lebenswertes-wien\/wp-json\/wp\/v2\/media?parent=114"}],"curies":[{"name":"wp","href":"https:\/\/api.w.org\/{rel}","templated":true}]}}