{"id":97,"date":"2020-04-25T13:40:44","date_gmt":"2020-04-25T11:40:44","guid":{"rendered":"https:\/\/wettbewerb.fotografie.at\/lebenswertes-wien\/?page_id=97"},"modified":"2022-07-04T13:10:10","modified_gmt":"2022-07-04T11:10:10","slug":"impressum","status":"publish","type":"page","link":"https:\/\/wettbewerb.fotografie.at\/lebenswertes-wien\/impressum\/","title":{"rendered":"Impressum"},"content":{"rendered":"\t\t<div data-elementor-type=\"wp-page\" data-elementor-id=\"97\" class=\"elementor elementor-97\">\n\t\t\t\t\t\t<div class=\"elementor-inner\">\n\t\t\t\t<div class=\"elementor-section-wrap\">\n\t\t\t\t\t\t\t\t\t<section class=\"elementor-section elementor-top-section elementor-element elementor-element-e513510 elementor-section-boxed elementor-section-height-default elementor-section-height-default\" data-id=\"e513510\" data-element_type=\"section\">\n\t\t\t\t\t\t<div class=\"elementor-container elementor-column-gap-default\">\n\t\t\t\t\t\t\t<div class=\"elementor-row\">\n\t\t\t\t\t<div class=\"elementor-column elementor-col-100 elementor-top-column elementor-element elementor-element-9a27e1e\" data-id=\"9a27e1e\" data-element_type=\"column\">\n\t\t\t<div class=\"elementor-column-wrap\">\n\t\t\t\t\t\t\t<div class=\"elementor-widget-wrap\">\n\t\t\t\t\t\t\t\t<\/div>\n\t\t\t\t\t<\/div>\n\t\t<\/div>\n\t\t\t\t\t\t\t\t<\/div>\n\t\t\t\t\t<\/div>\n\t\t<\/section>\n\t\t\t\t<section class=\"elementor-section elementor-top-section elementor-element elementor-element-c0603d4 elementor-section-boxed elementor-section-height-default elementor-section-height-default\" data-id=\"c0603d4\" data-element_type=\"section\">\n\t\t\t\t\t\t<div class=\"elementor-container elementor-column-gap-default\">\n\t\t\t\t\t\t\t<div class=\"elementor-row\">\n\t\t\t\t\t<div class=\"elementor-column elementor-col-100 elementor-top-column elementor-element elementor-element-67320e8\" data-id=\"67320e8\" data-element_type=\"column\">\n\t\t\t<div class=\"elementor-column-wrap elementor-element-populated\">\n\t\t\t\t\t\t\t<div class=\"elementor-widget-wrap\">\n\t\t\t\t\t\t\t\t<\/div>\n\t\t\t\t\t<\/div>\n\t\t<\/div>\n\t\t\t\t\t\t\t\t<\/div>\n\t\t\t\t\t<\/div>\n\t\t<\/section>\n\t\t\t\t<section class=\"elementor-section elementor-top-section elementor-element elementor-element-2f575fc elementor-section-boxed elementor-section-height-default elementor-section-height-default\" data-id=\"2f575fc\" data-element_type=\"section\">\n\t\t\t\t\t\t<div class=\"elementor-container elementor-column-gap-default\">\n\t\t\t\t\t\t\t<div class=\"elementor-row\">\n\t\t\t\t\t<div class=\"elementor-column elementor-col-100 elementor-top-column elementor-element elementor-element-4c2a531\" data-id=\"4c2a531\" data-element_type=\"column\">\n\t\t\t<div class=\"elementor-column-wrap elementor-element-populated\">\n\t\t\t\t\t\t\t<div class=\"elementor-widget-wrap\">\n\t\t\t\t\t\t<div class=\"elementor-element elementor-element-0f8220d elementor-widget__width-initial elementor-widget elementor-widget-text-editor\" data-id=\"0f8220d\" data-element_type=\"widget\" data-widget_type=\"text-editor.default\">\n\t\t\t\t<div class=\"elementor-widget-container\">\n\t\t\t\t\t\t\t\t<div class=\"elementor-text-editor elementor-clearfix\">\n\t\t\t\t<h2>Veranstalter\/Betreiber<\/h2><p>fotografie.at Sulzberger &amp; H\u00f6ttl OG<br \/>Rossauer L\u00e4nde 33<br \/>1090 Wien<br \/>office@fotografie.at<\/p><p>UID: ATU64304149<br \/>FN 306832 z &#8211; Handelsgericht Wien<\/p>\t\t\t\t\t<\/div>\n\t\t\t\t\t\t<\/div>\n\t\t\t\t<\/div>\n\t\t\t\t<div class=\"elementor-element elementor-element-095fc7e elementor-widget__width-initial elementor-widget elementor-widget-text-editor\" data-id=\"095fc7e\" data-element_type=\"widget\" data-widget_type=\"text-editor.default\">\n\t\t\t\t<div class=\"elementor-widget-container\">\n\t\t\t\t\t\t\t\t<div class=\"elementor-text-editor elementor-clearfix\">\n\t\t\t\t<h2>Haftung<\/h2><p>Die hier abrufbaren Inhalte dienen nur der allgemeinen Information und nicht der Beratung in konkreten F\u00e4llen. Wir sind bem\u00fcht, f\u00fcr die Richtigkeit und Aktualit\u00e4t aller auf der Website enthaltenen Informationen und Daten zu sorgen. F\u00fcr die Korrektheit, Vollst\u00e4ndigkeit, Aktualit\u00e4t oder Qualit\u00e4t der bereitgestellten Informationen und Daten wird jedoch keine Gew\u00e4hr \u00fcbernommen. Die Haftung f\u00fcr den Inhalt der abrufbaren Informationen wird ausgeschlossen, soweit es sich nicht um vors\u00e4tzliche oder grob fahrl\u00e4ssige Falschinformation handelt. Verpflichtungen zur Entfernung oder Sperrung der Nutzung von Informationen nach den allgemeinen Gesetzen bleiben hiervon unber\u00fchrt. Eine diesbez\u00fcgliche Haftung ist jedoch erst ab dem Zeitpunkt der Kenntnis einer konkreten Rechtsverletzung m\u00f6glich. Bei Bekanntwerden von entsprechenden Rechtsverletzungen werden wir diese Inhalte umgehend entfernen.<\/p><p>Der Betreiber dieser Webseite ist f\u00fcr den Inhalt von Webseiten, die \u00fcber einen Hyperlink erreicht werden, nicht verantwortlich. F\u00fcr den Inhalt der verlinkten Seiten sind ausschlie\u00dflich deren Betreiber verantwortlich. Der Betreiber dieser Webseite macht sich die Inhalte dieser Internetseiten ausdr\u00fccklich nicht zu eigen und kann deshalb f\u00fcr die inhaltliche Korrektheit, Vollst\u00e4ndigkeit und Verf\u00fcgbarkeit keine Gew\u00e4hr leisten. oegsk.at hat bei der erstmaligen Verkn\u00fcpfung zwar den fremden Inhalt daraufhin \u00fcberpr\u00fcft, ob durch ihn eine m\u00f6gliche zivilrechtliche oder strafrechtliche Verantwortlichkeit ausgel\u00f6st wird \u2013 wir sind aber nicht dazu verpflichtet, die Inhalte, auf die wir unserem Angebot verweisen, st\u00e4ndig auf Ver\u00e4nderungen zu \u00fcberpr\u00fcfen, die eine Verantwortlichkeit neu begr\u00fcnden k\u00f6nnten. Erst wenn wir feststellen oder von anderen darauf hingewiesen werden, dass ein konkretes Angebot, zu dem wir einen Link bereitgestellt haben, eine zivil- oder strafrechtliche Verantwortlichkeit ausl\u00f6st, werden wir den Verweis auf dieses Angebot aufheben, soweit uns dies technisch m\u00f6glich und zumutbar ist.<\/p>\t\t\t\t\t<\/div>\n\t\t\t\t\t\t<\/div>\n\t\t\t\t<\/div>\n\t\t\t\t<div class=\"elementor-element elementor-element-a7f3358 elementor-widget__width-initial elementor-widget elementor-widget-text-editor\" data-id=\"a7f3358\" data-element_type=\"widget\" data-widget_type=\"text-editor.default\">\n\t\t\t\t<div class=\"elementor-widget-container\">\n\t\t\t\t\t\t\t\t<div class=\"elementor-text-editor elementor-clearfix\">\n\t\t\t\t<h2>Datenschutzerkl\u00e4rung &amp; Datensicherheit<\/h2>\n<p><span style=\"font-size: 1rem;\">Ihre Datensicherheit ist unser h\u00f6chstes Anliegen. Unser erkl\u00e4rtes Ziel ist es, alle erforderlichen technischen und organisatorischen Ma\u00dfnahmen zu treffen, um die Sicherheit der Datenverarbeitung zu gew\u00e4hrleisten und Ihre personenbezogenen Daten so zu verarbeiten, dass sie vor Zugriffen durch unbefugte Dritte gesch\u00fctzt sind.<\/span><\/p>\n<p>Durch die Verwendung modernster Sicherheitssoftware, Kodierungs- und Verschl\u00fcsselungsverfahren entspricht unsere IT-Infrastruktur den h\u00f6chsten internationalen Sicherheitsstandards. Wir verarbeiten Ihre Daten daher ausschlie\u00dflich auf Grundlage der gesetzlichen Bestimmungen (DSGVO, TKG 2003). In den untenstehenden Abschnitten informieren wir Sie \u00fcber die wichtigsten Aspekte der Datenverarbeitung im Rahmen unserer Website. Ihnen stehen grunds\u00e4tzlich die Rechte auf Auskunft, Berichtigung, L\u00f6schung, Einschr\u00e4nkung, Daten\u00fcbertragbarkeit, Widerruf und Widerspruch zu. Hierf\u00fcr nehmen sie bitte mit uns Kontakt auf.<\/p>\t\t\t\t\t<\/div>\n\t\t\t\t\t\t<\/div>\n\t\t\t\t<\/div>\n\t\t\t\t<div class=\"elementor-element elementor-element-700ca67 elementor-widget__width-initial elementor-widget elementor-widget-text-editor\" data-id=\"700ca67\" data-element_type=\"widget\" data-widget_type=\"text-editor.default\">\n\t\t\t\t<div class=\"elementor-widget-container\">\n\t\t\t\t\t\t\t\t<div class=\"elementor-text-editor elementor-clearfix\">\n\t\t\t\t<h2>Nutzung\/Speicherung personenbezogener Daten<\/h2><p>Der Kunde erkl\u00e4rt sich damit einverstanden, dass seine bei der Buchung eines Angebots angegebenen Daten ausschlie\u00dflich im Rahmen des laufenden Betriebs des Veranstalters genutzt werden. Eine Weitergabe von personenbezogenen Daten bzw. Dokumenten an Dritte erfolgt nicht, es sei denn, es liegt das ausdr\u00fcckliches Einverst\u00e4ndnis des jeweiligen Nutzers vor, der Veranstalter ist zur Herausgabe dieser Daten &#8211; beispielsweise aufgrund einer gerichtlichen Verf\u00fcgung oder beh\u00f6rdlichen Anordnung &#8211; verpflichtet oder es besteht eine Notwendigkeit der rechtlichen Verfolgung durch uns selbst. Die L\u00f6schung dieser Daten erfolgt regelm\u00e4\u00dfig nach den gesetzlichen Anforderungen oder nach unserem Ermessen, wenn die entsprechenden gesetzliche Anforderungen nicht vorhanden sind. Wir weisen darauf hin, dass die Daten\u00fcbertragung im Internet (z.B. bei der Kommunikation per E-Mail) Sicherheitsl\u00fccken aufweisen kann.<\/p><p>\u00a0<\/p><p>Diese Seite erhebt personenbezogene Daten zu Ihrer Person, welche f\u00fcr die Teilnahme an dem Wettbewerb notwendig sind. Folgende personenbezogenen Daten werden verarbeitet:<\/p><ul><li><span style=\"font-size: 1rem;\">Ihre Personalien (Name, Adresse, Kontaktdaten etc.)<\/span><\/li><li>Authentifikationsdaten (Logins)<\/li><li>Auftragsdaten (Rechnungen und Bezahlungen)<\/li><li>Daten zur Erf\u00fcllung gesetzlicher Anforderungen (Rechnungslegung und Buchhaltung)<\/li><li>Informationen aus Ihrem elektronischen Verkehr (E-Mail, Support etc.)<\/li><\/ul><p>\u00a0<\/p><p>Die Datenerhebung erfolgt zum Zweck der Erf\u00fcllung von vertraglichen Pflichten (Art. 6 Abs. 1b DSGVO): Die Verarbeitung Ihrer personenbezogenen Daten ist notwendig, um das Wettbewerbsservice abwickeln zu k\u00f6nnen. Au\u00dferdem verarbeiten wir personenbezogene Daten, um den Betrieb und\u00a0<span style=\"font-size: 1rem;\">Wartung durchf\u00fchren zu k\u00f6nnen, und Unterst\u00fctzung (Support) leisten zu k\u00f6nnen &#8211; sowie zur Erf\u00fcllung von einer rechtlichen Verpflichtung (Art. 6 Abs. 1c DSGVO): Zur Erf\u00fcllung unserer eigenen rechtlichen Verpflichtungen werden ihre Daten verarbeitet. Es erhalten von uns beauftragte Auftragsverarbeiter (insbesondere IT- sowie Backoffice-Dienstleister und Serviceline) Ihre Daten, sofern sie diese zur Erf\u00fcllung ihrer jeweiligen Aufgabe ben\u00f6tigen. S\u00e4mtliche Auftragsverarbeiter sind vertraglich entsprechend dazu verpflichtet, Ihre Daten vertraulich zu behandeln und nur im Rahmen der Leistungserbringung zu verarbeiten. Die Daten werden f\u00fcr die Dauer des Wettbewerbes sowie dar\u00fcber hinaus gem\u00e4\u00df den gesetzlichen Aufbewahrungs- und Dokumentationspflichten gespeichert.<\/span><\/p><p>\u00a0<\/p><p>Der Nutzung von im Rahmen der Impressumspflicht ver\u00f6ffentlichten Kontaktdaten durch Dritte zur \u00dcbersendung von nicht ausdr\u00fccklich angeforderter Werbung und Informationsmaterialien wird hiermit ausdr\u00fccklich widersprochen. Die Betreiber der Seiten behalten sich ausdr\u00fccklich rechtliche Schritte im Falle der unverlangten Zusendung von Werbeinformationen, etwa durch Spam-Mails, vor.<\/p>\t\t\t\t\t<\/div>\n\t\t\t\t\t\t<\/div>\n\t\t\t\t<\/div>\n\t\t\t\t<div class=\"elementor-element elementor-element-0f6c760 elementor-widget__width-initial elementor-widget elementor-widget-text-editor\" data-id=\"0f6c760\" data-element_type=\"widget\" data-widget_type=\"text-editor.default\">\n\t\t\t\t<div class=\"elementor-widget-container\">\n\t\t\t\t\t\t\t\t<div class=\"elementor-text-editor elementor-clearfix\">\n\t\t\t\t<h2>Cookies<\/h2><p>Unsere Website verwendet so genannte Cookies. Dabei handelt es sich um kleine Textdateien, die mit Hilfe des Browsers auf Ihrem Endger\u00e4t abgelegt werden. Sie richten keinen Schaden an. Wir nutzen Cookies dazu, unser Angebot nutzerfreundlich zu gestalten. Einige Cookies bleiben auf Ihrem Endger\u00e4t gespeichert, bis Sie diese l\u00f6schen. Sie erm\u00f6glichen es uns, Ihren Browser beim n\u00e4chsten Besuch wiederzuerkennen. Wenn Sie dies nicht w\u00fcnschen, so k\u00f6nnen Sie Ihren Browser so einrichten, dass er Sie \u00fcber das Setzen von Cookies informiert und Sie dies nur im Einzelfall erlauben. Bei der Deaktivierung von Cookies kann die Funktionalit\u00e4t unserer Website eingeschr\u00e4nkt sein.<\/p>\t\t\t\t\t<\/div>\n\t\t\t\t\t\t<\/div>\n\t\t\t\t<\/div>\n\t\t\t\t<div class=\"elementor-element elementor-element-9c89392 elementor-widget__width-initial elementor-widget elementor-widget-text-editor\" data-id=\"9c89392\" data-element_type=\"widget\" data-widget_type=\"text-editor.default\">\n\t\t\t\t<div class=\"elementor-widget-container\">\n\t\t\t\t\t\t\t\t<div class=\"elementor-text-editor elementor-clearfix\">\n\t\t\t\t<h2>Protokollierung<\/h2><p>Bei dem Besuch unserer Website speichern wir jeden Zugriff in einer Protokolldatei. Folgende Daten werden dabei erfasst und bis zur automatisierten L\u00f6schung von uns gespeichert: die IP-Adresse des anfragenden Rechners in einer anynymisierten Form, das Datum und die Uhrzeit sowie die Dauer des Zugriffs, der Name und die URL der abgerufenen Datei und die Website, von der aus der Zugriff erfolgte. Die Erhebung und Verarbeitung dieser Daten erfolgt zu folgenden Zwecken: dauerhafte Gew\u00e4hrleistung der Systemsicherheit und -stabilit\u00e4t, Nachverfolgbarkeit bei Missbrauch unseres Online-Angebots, technische Administration der Netzinfrastruktur, Optimierung unseres Internet-Angebots und Erstellung und Auswertung einer internen Statistik. Eine Auswertung dieser Daten zur Erstellung personenbezogener Nutzungsprofile findet nicht statt. Im Falle von St\u00f6rungen oder eines Missbrauchs behalten wir uns eine Anzeige bei den Strafverfolgungsbeh\u00f6rden vor. Die L\u00f6schung dieser Daten erfolgt regelm\u00e4ssig nach den gesetzlichen Anforderungen oder nach unserem Ermessen, wenn die entsprechenden gesetzliche Anforderungen nicht vorhanden sind. Diese Website benutzt ebenfalls die Open Source-Software Matomo zur statistischen Auswertung von Besuchen dieser Website. Matomo erkennt m\u00f6glicherweise, ob Sie diese Seite fr\u00fcher bereits besucht haben, und kann daraus R\u00fcckschl\u00fcsse \u00fcber Ihre Verwendung der Seite ziehen. Die Zuordnung Ihres Besuches zu einer bestimmten Person ist nicht m\u00f6glich, insbesondere wird findet keine Speicherung Ihrer IP-Adresse durch Matomo statt. Erhoben werden nur allgemeine statistische Daten wie der Name des von Ihnen verwendeten Betriebssystems und die von besuchten Bereiche dieser Website. Selbst diese Daten werden von der Agentur ausschlie\u00dflich intern f\u00fcr statistische Zwecke verwendet und nicht an Dritte weitergegeben. Sollten Sie genauere Fragen haben, kontaktieren Sie uns gerne.<\/p>\t\t\t\t\t<\/div>\n\t\t\t\t\t\t<\/div>\n\t\t\t\t<\/div>\n\t\t\t\t<div class=\"elementor-element elementor-element-4eb66e8 elementor-widget__width-initial elementor-widget elementor-widget-text-editor\" data-id=\"4eb66e8\" data-element_type=\"widget\" data-widget_type=\"text-editor.default\">\n\t\t\t\t<div class=\"elementor-widget-container\">\n\t\t\t\t\t\t\t\t<div class=\"elementor-text-editor elementor-clearfix\">\n\t\t\t\t<h2>Google Analytics<\/h2><p>Diese Website benutzt Google Analytics, einen Webanalysedienst der Google Inc. (\u201eGoogle\u201c). Google Analytics verwendet sog. \u201eCookies\u201c, Textdateien, die auf Ihrem Computer gespeichert werden und die eine Analyse der Benutzung der Website durch Sie erm\u00f6glichen. Die durch den Cookie erzeugten Informationen \u00fcber Ihre Benutzung dieser Website werden in der Regel an einen Server von Google in den USA \u00fcbertragen und dort gespeichert. Im Falle der Aktivierung der IP-Anonymisierung auf dieser Webseite, wird Ihre IP-Adresse von Google jedoch innerhalb von Mitgliedstaaten der Europ\u00e4ischen Union oder in anderen Vertragsstaaten des Abkommens \u00fcber den Europ\u00e4ischen Wirtschaftsraum zuvor gek\u00fcrzt. Nur in Ausnahmef\u00e4llen wird die volle IP-Adresse an einen Server von Google in den USA \u00fcbertragen und dort gek\u00fcrzt. Im Auftrag des Betreibers dieser Website wird Google diese Informationen benutzen, um Ihre Nutzung der Website auszuwerten, um Reports \u00fcber die Websiteaktivit\u00e4ten zusammenzustellen und um weitere mit der Websitenutzung und der Internetnutzung verbundene Dienstleistungen gegen\u00fcber dem Websitebetreiber zu erbringen. Die im Rahmen von Google Analytics von Ihrem Browser \u00fcbermittelte IP-Adresse wird nicht mit anderen Daten von Google zusammengef\u00fchrt. Sie k\u00f6nnen die Speicherung der Cookies durch eine entsprechende Einstellung Ihrer Browser-Software verhindern; wir weisen Sie jedoch darauf hin, dass Sie in diesem Fall gegebenenfalls nicht s\u00e4mtliche Funktionen dieser Website vollumf\u00e4nglich werden nutzen k\u00f6nnen. Sie k\u00f6nnen dar\u00fcber hinaus die Erfassung der durch das Cookie erzeugten und auf Ihre Nutzung der Website bezogenen Daten (inkl. Ihrer IP-Adresse) an Google sowie die Verarbeitung dieser Daten durch Google verhindern, indem sie das unter dem folgenden Link (<a href=\"https:\/\/tools.google.com\/dlpage\/gaoptout?hl=de\" target=\"_blank\" rel=\"noopener\">tools.google.com\/dlpage&#8230;<\/a>) verf\u00fcgbare Browser-Plugin herunterladen und installieren.<\/p><p><span style=\"font-size: 1rem;\">N\u00e4here Informationen zu Nutzungsbedingungen und Datenschutz finden Sie unter <a href=\"https:\/\/www.google.com\/analytics\/terms\/de.html\" target=\"_blank\" rel=\"noopener\">www.google.com\/analytics&#8230;<\/a> bzw. unter <a href=\"https:\/\/www.google.com\/intl\/de\/analytics\/privacyoverview.html\" target=\"_blank\" rel=\"noopener\">www.google.com\/intl&#8230;<\/a> Wir weisen Sie darauf hin, dass auf dieser Webseite Google Analytics um den Code \u201egat._anonymizeIp();\u201c erweitert wurde, um eine anonymisierte Erfassung von IP-Adressen (sog. IP-Masking) zu gew\u00e4hrleisten.<\/span><\/p><p><span style=\"font-size: 1rem;\">Wir nutzen Google Analytics zudem dazu, Daten aus AdWords und dem Double-Click-Cookie zu statistischen Zwecken auszuwerten. Sollten Sie dies nicht w\u00fcnschen, k\u00f6nnen Sie dies \u00fcber den Anzeigenvorgaben-Manager (<a href=\"https:\/\/www.google.com\/settings\/ads\/onweb\/?hl=de\" target=\"_blank\" rel=\"noopener\">www.google.com\/settings&#8230;<\/a>) deaktivieren.<\/span><\/p>\t\t\t\t\t<\/div>\n\t\t\t\t\t\t<\/div>\n\t\t\t\t<\/div>\n\t\t\t\t\t\t<\/div>\n\t\t\t\t\t<\/div>\n\t\t<\/div>\n\t\t\t\t\t\t\t\t<\/div>\n\t\t\t\t\t<\/div>\n\t\t<\/section>\n\t\t\t\t\t\t\t\t\t<\/div>\n\t\t\t<\/div>\n\t\t\t\t\t<\/div>\n\t\t","protected":false},"excerpt":{"rendered":"<p>Veranstalter\/Betreiber fotografie.at Sulzberger &amp; H\u00f6ttl OGRossauer L\u00e4nde 331090 Wienoffice@fotografie.at UID: ATU64304149FN 306832 z &#8211; Handelsgericht Wien Haftung Die hier abrufbaren Inhalte dienen nur der allgemeinen Information und nicht der Beratung in konkreten F\u00e4llen. Wir sind bem\u00fcht, f\u00fcr die Richtigkeit und Aktualit\u00e4t aller auf der Website enthaltenen Informationen und Daten zu sorgen. F\u00fcr die Korrektheit, Vollst\u00e4ndigkeit, [&hellip;]<\/p>\n","protected":false},"author":1,"featured_media":0,"parent":0,"menu_order":0,"comment_status":"closed","ping_status":"closed","template":"elementor_header_footer","meta":{"inline_featured_image":false},"_links":{"self":[{"href":"https:\/\/wettbewerb.fotografie.at\/lebenswertes-wien\/wp-json\/wp\/v2\/pages\/97"}],"collection":[{"href":"https:\/\/wettbewerb.fotografie.at\/lebenswertes-wien\/wp-json\/wp\/v2\/pages"}],"about":[{"href":"https:\/\/wettbewerb.fotografie.at\/lebenswertes-wien\/wp-json\/wp\/v2\/types\/page"}],"author":[{"embeddable":true,"href":"https:\/\/wettbewerb.fotografie.at\/lebenswertes-wien\/wp-json\/wp\/v2\/users\/1"}],"replies":[{"embeddable":true,"href":"https:\/\/wettbewerb.fotografie.at\/lebenswertes-wien\/wp-json\/wp\/v2\/comments?post=97"}],"version-history":[{"count":20,"href":"https:\/\/wettbewerb.fotografie.at\/lebenswertes-wien\/wp-json\/wp\/v2\/pages\/97\/revisions"}],"predecessor-version":[{"id":520,"href":"https:\/\/wettbewerb.fotografie.at\/lebenswertes-wien\/wp-json\/wp\/v2\/pages\/97\/revisions\/520"}],"wp:attachment":[{"href":"https:\/\/wettbewerb.fotografie.at\/lebenswertes-wien\/wp-json\/wp\/v2\/media?parent=97"}],"curies":[{"name":"wp","href":"https:\/\/api.w.org\/{rel}","templated":true}]}}